{"id":836,"date":"2020-02-12T16:31:55","date_gmt":"2020-02-12T14:31:55","guid":{"rendered":"https:\/\/kallistohouses.cms4.nelios.com\/?page_id=836"},"modified":"2021-03-31T11:24:12","modified_gmt":"2021-03-31T09:24:12","slug":"about-us","status":"publish","type":"page","link":"https:\/\/www.theroshouses.com\/fr\/about-us\/","title":{"rendered":"\u00c0 propos de nous"},"content":{"rendered":"<p><strong>Bienvenus au c\u00f4t\u00e9 moins touristique de Santorini!<br \/>\n<\/strong><br \/>\nSantorini est une \u00eele unique en Gr\u00e8ce. Elle appartient aux Cyclades sud et comme toutes les autres \u00eeles des Cyclades ,elle est connue pour sa beaut\u00e9 \u00e9clatante, son architecture blanche et cubiste et ses eaux bleues et claires.<\/p>\n<p>L\u2019image refl\u00e8te une beaut\u00e9 idyllique qui revitalise corps et \u00e2me.<\/p>\n<p>Les \u2018 Kalypso\/Theros Houses\u2019,Daphn\u00e9 et Elia, se trouvent pr\u00e8s de la plage \u2018Monolithos\u2019 dans la r\u00e9gion pittoresque de Agia Paraskevi. De la plage de Monolithos, la cha\u00eene de montagne se pose sur la mer et le regard s\u2019etend jusqu\u2019au c\u00f4t\u00e9 ouest de l\u2019ile.<\/p>\n<p>Anafi ,une \u00eele inexplor\u00e9e offre l\u2019opportunit\u00e9 de faire une belle excursion journali\u00e8re.<\/p>\n<p>Nos habitations,Daphn\u00e9 et Elia, se trouvent juste \u00e0 100 m\u00e8tres de la plage.Vignobles,pistachiers et oliviers entourent les habitations et accompagnent de leur ar\u00f4me les petites promenades jusqu\u2019\u00e0 la plage, surtout l\u2019ar\u00f4me de Nichteri,raisin,unique au monde.<\/p>\n<p>Nous vous invitons \u00e0 d\u00e9couvrir avec nous ce c\u00f4t\u00e9 moins touristique de Santorini.<\/p>\n<p>Les \u2018Sunlight houses \u2018 ont \u00e9t\u00e9 construites en 2009 et offrent tous les conforts d\u2019une habitation moderne.Elles sont pleinement \u00e9quip\u00e9es,fra\u00eeches et accueillantes.<\/p>\n<p>Ces habitations ont chacune leur piscine priv\u00e9e.Dans le jardin, des plantes aromatiques laissent \u00e9chapper partout leur odeur ; aurigan, basilique, menthe ,thym et laurier et beaucoup d\u2019autres encore qui sont utilis\u00e9es dans la cuisine , de nos \u00eeles et la cuisine m\u00e9diterran\u00e9enne.<\/p>\n<p>Vous devez absolument go\u00fbter le vin blanc Nichteri qui accompagne parfaitement les plats de la cuisine du sud et que vous pouvez trouvez partout \u00e0 Santorini.<br \/>\nLe service de propret\u00e9 quotidien que nous offrons dans nos habitations , vous donne la possibilit\u00e9 de vous reposer r\u00e9ellement pendant votre s\u00e9jour.<\/p>\n<p>Au village \u2018Kamari\u2019, qui se trouve \u00e0 30 minutes \u00e0 pied de \u2018Kalypso\/Theros houses\u2018,vous pouvez trouver de nombreux magasins, caf\u00e9s, cin\u00e9ma et une vie nocturne interminable.<br \/>\nIl y a aussi une facilit\u00e9 d\u2019acc\u00e8s avec les endroits de l\u2019\u00eele gr\u00e2ce aux bus que vous pouvez prendre des habitations mais aussi du village Kamari.Ce c\u00f4t\u00e9 de Santorini s\u2019adresse surtout \u00e0 des h\u00f4tes qui recherchent la diff\u00e9rence.<\/p>\n","protected":false},"excerpt":{"rendered":"<p>Bienvenus au c\u00f4t\u00e9 moins touristique de Santorini! Santorini est une \u00eele unique en Gr\u00e8ce. Elle appartient aux Cyclades sud et comme toutes les autres \u00eeles des Cyclades ,elle est connue pour sa beaut\u00e9 \u00e9clatante, son architecture blanche et cubiste et ses eaux bleues et claires. L\u2019image refl\u00e8te une beaut\u00e9 idyllique qui revitalise corps et \u00e2me.<\/p>\n","protected":false},"author":1,"featured_media":874,"parent":0,"menu_order":0,"comment_status":"closed","ping_status":"closed","template":"","meta":{"_acf_changed":false,"footnotes":""},"class_list":["post-836","page","type-page","status-publish","has-post-thumbnail","hentry"],"acf":[],"yoast_head":"<!-- This site is optimized with the Yoast SEO plugin v27.4 - https:\/\/yoast.com\/product\/yoast-seo-wordpress\/ -->\n<title>\u00c0 propos de nous - Theros Houses<\/title>\n<meta name=\"robots\" content=\"index, follow, max-snippet:-1, max-image-preview:large, max-video-preview:-1\" \/>\n<link rel=\"canonical\" href=\"https:\/\/www.theroshouses.com\/fr\/about-us\/\" \/>\n<meta property=\"og:locale\" content=\"fr_FR\" \/>\n<meta property=\"og:type\" content=\"article\" \/>\n<meta property=\"og:title\" content=\"\u00c0 propos de nous - Theros Houses\" \/>\n<meta property=\"og:description\" content=\"Bienvenus au c\u00f4t\u00e9 moins touristique de Santorini! Santorini est une \u00eele unique en Gr\u00e8ce. Elle appartient aux Cyclades sud et comme toutes les autres \u00eeles des Cyclades ,elle est connue pour sa beaut\u00e9 \u00e9clatante, son architecture blanche et cubiste et ses eaux bleues et claires. L\u2019image refl\u00e8te une beaut\u00e9 idyllique qui revitalise corps et \u00e2me.\" \/>\n<meta property=\"og:url\" content=\"https:\/\/www.theroshouses.com\/fr\/about-us\/\" \/>\n<meta property=\"og:site_name\" content=\"Theros Houses\" \/>\n<meta property=\"article:modified_time\" content=\"2021-03-31T09:24:12+00:00\" \/>\n<meta property=\"og:image\" content=\"https:\/\/www.theroshouses.com\/app\/uploads\/sites\/44\/2020\/02\/kalypso_203_result.jpg\" \/>\n\t<meta property=\"og:image:width\" content=\"1920\" \/>\n\t<meta property=\"og:image:height\" content=\"1280\" \/>\n\t<meta property=\"og:image:type\" content=\"image\/jpeg\" \/>\n<meta name=\"twitter:card\" content=\"summary_large_image\" \/>\n<meta name=\"twitter:label1\" content=\"Dur\u00e9e de lecture estim\u00e9e\" \/>\n\t<meta name=\"twitter:data1\" content=\"2 minutes\" \/>\n<script type=\"application\/ld+json\" class=\"yoast-schema-graph\">{\"@context\":\"https:\\\/\\\/schema.org\",\"@graph\":[{\"@type\":\"WebPage\",\"@id\":\"https:\\\/\\\/www.theroshouses.com\\\/fr\\\/about-us\\\/\",\"url\":\"https:\\\/\\\/www.theroshouses.com\\\/fr\\\/about-us\\\/\",\"name\":\"\u00c0 propos de nous - Theros Houses\",\"isPartOf\":{\"@id\":\"https:\\\/\\\/www.theroshouses.com\\\/fr\\\/#website\"},\"primaryImageOfPage\":{\"@id\":\"https:\\\/\\\/www.theroshouses.com\\\/fr\\\/about-us\\\/#primaryimage\"},\"image\":{\"@id\":\"https:\\\/\\\/www.theroshouses.com\\\/fr\\\/about-us\\\/#primaryimage\"},\"thumbnailUrl\":\"https:\\\/\\\/www.theroshouses.com\\\/app\\\/uploads\\\/sites\\\/44\\\/2020\\\/02\\\/kalypso_203_result.jpg\",\"datePublished\":\"2020-02-12T14:31:55+00:00\",\"dateModified\":\"2021-03-31T09:24:12+00:00\",\"inLanguage\":\"fr-FR\",\"potentialAction\":[{\"@type\":\"ReadAction\",\"target\":[\"https:\\\/\\\/www.theroshouses.com\\\/fr\\\/about-us\\\/\"]}]},{\"@type\":\"ImageObject\",\"inLanguage\":\"fr-FR\",\"@id\":\"https:\\\/\\\/www.theroshouses.com\\\/fr\\\/about-us\\\/#primaryimage\",\"url\":\"https:\\\/\\\/www.theroshouses.com\\\/app\\\/uploads\\\/sites\\\/44\\\/2020\\\/02\\\/kalypso_203_result.jpg\",\"contentUrl\":\"https:\\\/\\\/www.theroshouses.com\\\/app\\\/uploads\\\/sites\\\/44\\\/2020\\\/02\\\/kalypso_203_result.jpg\",\"width\":1920,\"height\":1280},{\"@type\":\"WebSite\",\"@id\":\"https:\\\/\\\/www.theroshouses.com\\\/fr\\\/#website\",\"url\":\"https:\\\/\\\/www.theroshouses.com\\\/fr\\\/\",\"name\":\"Theros Houses\",\"description\":\"Santorini Beach Houses\",\"potentialAction\":[{\"@type\":\"SearchAction\",\"target\":{\"@type\":\"EntryPoint\",\"urlTemplate\":\"https:\\\/\\\/www.theroshouses.com\\\/fr\\\/?s={search_term_string}\"},\"query-input\":{\"@type\":\"PropertyValueSpecification\",\"valueRequired\":true,\"valueName\":\"search_term_string\"}}],\"inLanguage\":\"fr-FR\"}]}<\/script>\n<!-- \/ Yoast SEO plugin. -->","yoast_head_json":{"title":"\u00c0 propos de nous - Theros Houses","robots":{"index":"index","follow":"follow","max-snippet":"max-snippet:-1","max-image-preview":"max-image-preview:large","max-video-preview":"max-video-preview:-1"},"canonical":"https:\/\/www.theroshouses.com\/fr\/about-us\/","og_locale":"fr_FR","og_type":"article","og_title":"\u00c0 propos de nous - Theros Houses","og_description":"Bienvenus au c\u00f4t\u00e9 moins touristique de Santorini! Santorini est une \u00eele unique en Gr\u00e8ce. Elle appartient aux Cyclades sud et comme toutes les autres \u00eeles des Cyclades ,elle est connue pour sa beaut\u00e9 \u00e9clatante, son architecture blanche et cubiste et ses eaux bleues et claires. L\u2019image refl\u00e8te une beaut\u00e9 idyllique qui revitalise corps et \u00e2me.","og_url":"https:\/\/www.theroshouses.com\/fr\/about-us\/","og_site_name":"Theros Houses","article_modified_time":"2021-03-31T09:24:12+00:00","og_image":[{"width":1920,"height":1280,"url":"https:\/\/www.theroshouses.com\/app\/uploads\/sites\/44\/2020\/02\/kalypso_203_result.jpg","type":"image\/jpeg"}],"twitter_card":"summary_large_image","twitter_misc":{"Dur\u00e9e de lecture estim\u00e9e":"2 minutes"},"schema":{"@context":"https:\/\/schema.org","@graph":[{"@type":"WebPage","@id":"https:\/\/www.theroshouses.com\/fr\/about-us\/","url":"https:\/\/www.theroshouses.com\/fr\/about-us\/","name":"\u00c0 propos de nous - Theros Houses","isPartOf":{"@id":"https:\/\/www.theroshouses.com\/fr\/#website"},"primaryImageOfPage":{"@id":"https:\/\/www.theroshouses.com\/fr\/about-us\/#primaryimage"},"image":{"@id":"https:\/\/www.theroshouses.com\/fr\/about-us\/#primaryimage"},"thumbnailUrl":"https:\/\/www.theroshouses.com\/app\/uploads\/sites\/44\/2020\/02\/kalypso_203_result.jpg","datePublished":"2020-02-12T14:31:55+00:00","dateModified":"2021-03-31T09:24:12+00:00","inLanguage":"fr-FR","potentialAction":[{"@type":"ReadAction","target":["https:\/\/www.theroshouses.com\/fr\/about-us\/"]}]},{"@type":"ImageObject","inLanguage":"fr-FR","@id":"https:\/\/www.theroshouses.com\/fr\/about-us\/#primaryimage","url":"https:\/\/www.theroshouses.com\/app\/uploads\/sites\/44\/2020\/02\/kalypso_203_result.jpg","contentUrl":"https:\/\/www.theroshouses.com\/app\/uploads\/sites\/44\/2020\/02\/kalypso_203_result.jpg","width":1920,"height":1280},{"@type":"WebSite","@id":"https:\/\/www.theroshouses.com\/fr\/#website","url":"https:\/\/www.theroshouses.com\/fr\/","name":"Theros Houses","description":"Santorini Beach Houses","potentialAction":[{"@type":"SearchAction","target":{"@type":"EntryPoint","urlTemplate":"https:\/\/www.theroshouses.com\/fr\/?s={search_term_string}"},"query-input":{"@type":"PropertyValueSpecification","valueRequired":true,"valueName":"search_term_string"}}],"inLanguage":"fr-FR"}]}},"_links":{"self":[{"href":"https:\/\/www.theroshouses.com\/fr\/wp-json\/wp\/v2\/pages\/836","targetHints":{"allow":["GET"]}}],"collection":[{"href":"https:\/\/www.theroshouses.com\/fr\/wp-json\/wp\/v2\/pages"}],"about":[{"href":"https:\/\/www.theroshouses.com\/fr\/wp-json\/wp\/v2\/types\/page"}],"author":[{"embeddable":true,"href":"https:\/\/www.theroshouses.com\/fr\/wp-json\/wp\/v2\/users\/1"}],"replies":[{"embeddable":true,"href":"https:\/\/www.theroshouses.com\/fr\/wp-json\/wp\/v2\/comments?post=836"}],"version-history":[{"count":9,"href":"https:\/\/www.theroshouses.com\/fr\/wp-json\/wp\/v2\/pages\/836\/revisions"}],"predecessor-version":[{"id":1478,"href":"https:\/\/www.theroshouses.com\/fr\/wp-json\/wp\/v2\/pages\/836\/revisions\/1478"}],"wp:featuredmedia":[{"embeddable":true,"href":"https:\/\/www.theroshouses.com\/fr\/wp-json\/wp\/v2\/media\/874"}],"wp:attachment":[{"href":"https:\/\/www.theroshouses.com\/fr\/wp-json\/wp\/v2\/media?parent=836"}],"curies":[{"name":"wp","href":"https:\/\/api.w.org\/{rel}","templated":true}]}}