{"id":826,"date":"2020-02-12T16:30:35","date_gmt":"2020-02-12T14:30:35","guid":{"rendered":"https:\/\/kallistohouses.cms4.nelios.com\/?page_id=826"},"modified":"2021-04-13T16:23:46","modified_gmt":"2021-04-13T14:23:46","slug":"home","status":"publish","type":"page","link":"https:\/\/www.theroshouses.com\/fr\/","title":{"rendered":"Home"},"content":{"rendered":"<p>Santorini est une \u00eele unique en Gr\u00e8ce. Elle appartient aux Cyclades sud et comme toutes les autres \u00eeles des Cyclades, elle est connue pour sa beaut\u00e9 \u00e9clatante,son architecture blanche et cubiste et ses eaux bleues et claires.<\/p>\n<p>Nous vous invitons \u00e0 d\u00e9couvrir avec nous ce c\u00f4t\u00e9 moins touristique de Santorini.<br \/>\nLes \u2018\u039aalypso\/Theros houses \u2018ont \u00e9t\u00e9 construites en 2009 et offrent tous les conforts d\u2019une habitation moderne.Elles sont pleinement \u00e9quip\u00e9es,fra\u00eeches et accueillantes.<\/p>\n<p>Ces habitations ont chacune leur piscine priv\u00e9e.Dans le jardin, des plantes aromatiques laissent \u00e9chapper partout leur odeur; aurigan, basilique, menthe,thym et laurier et beaucoup d\u2019autres encore qui sont utilis\u00e9es dans la cuisine, de nos \u00eeles et la cuisine m\u00e9diterran\u00e9enne.<\/p>\n","protected":false},"excerpt":{"rendered":"<p>Santorini est une \u00eele unique en Gr\u00e8ce. Elle appartient aux Cyclades sud et comme toutes les autres \u00eeles des Cyclades, elle est connue pour sa beaut\u00e9 \u00e9clatante,son architecture blanche et cubiste et ses eaux bleues et claires. Nous vous invitons \u00e0 d\u00e9couvrir avec nous ce c\u00f4t\u00e9 moins touristique de Santorini. Les \u2018\u039aalypso\/Theros houses \u2018ont \u00e9t\u00e9<\/p>\n","protected":false},"author":1,"featured_media":952,"parent":0,"menu_order":0,"comment_status":"closed","ping_status":"closed","template":"","meta":{"_acf_changed":false,"footnotes":""},"class_list":["post-826","page","type-page","status-publish","has-post-thumbnail","hentry"],"acf":[],"yoast_head":"<!-- This site is optimized with the Yoast SEO plugin v27.4 - https:\/\/yoast.com\/product\/yoast-seo-wordpress\/ -->\n<title>Santorini Houses with Private Pool | Kallisto Houses<\/title>\n<meta name=\"description\" content=\"Kallisto Houses are located near Monolithos Beach. Daphne &amp; Elia houses, have been built with the traditional Cycladic style with their own private pools.\" \/>\n<meta name=\"robots\" content=\"index, follow, max-snippet:-1, max-image-preview:large, max-video-preview:-1\" \/>\n<link rel=\"canonical\" href=\"https:\/\/www.theroshouses.com\/fr\/\" \/>\n<meta property=\"og:locale\" content=\"fr_FR\" \/>\n<meta property=\"og:type\" content=\"article\" \/>\n<meta property=\"og:title\" content=\"Santorini Houses with Private Pool | Kallisto Houses\" \/>\n<meta property=\"og:description\" content=\"Kallisto Houses are located near Monolithos Beach. Daphne &amp; Elia houses, have been built with the traditional Cycladic style with their own private pools.\" \/>\n<meta property=\"og:url\" content=\"https:\/\/www.theroshouses.com\/fr\/\" \/>\n<meta property=\"og:site_name\" content=\"Theros Houses\" \/>\n<meta property=\"article:modified_time\" content=\"2021-04-13T14:23:46+00:00\" \/>\n<meta property=\"og:image\" content=\"https:\/\/www.theroshouses.com\/app\/uploads\/sites\/44\/2020\/02\/kalypso_161new_result-e1594029044625.jpg\" \/>\n\t<meta property=\"og:image:width\" content=\"1920\" \/>\n\t<meta property=\"og:image:height\" content=\"1280\" \/>\n\t<meta property=\"og:image:type\" content=\"image\/jpeg\" \/>\n<meta name=\"twitter:card\" content=\"summary_large_image\" \/>\n<meta name=\"twitter:label1\" content=\"Dur\u00e9e de lecture estim\u00e9e\" \/>\n\t<meta name=\"twitter:data1\" content=\"1 minute\" \/>\n<script type=\"application\/ld+json\" class=\"yoast-schema-graph\">{\"@context\":\"https:\\\/\\\/schema.org\",\"@graph\":[{\"@type\":\"WebPage\",\"@id\":\"https:\\\/\\\/www.theroshouses.com\\\/fr\\\/\",\"url\":\"https:\\\/\\\/www.theroshouses.com\\\/fr\\\/\",\"name\":\"Santorini Houses with Private Pool | Kallisto Houses\",\"isPartOf\":{\"@id\":\"https:\\\/\\\/www.theroshouses.com\\\/fr\\\/#website\"},\"primaryImageOfPage\":{\"@id\":\"https:\\\/\\\/www.theroshouses.com\\\/fr\\\/#primaryimage\"},\"image\":{\"@id\":\"https:\\\/\\\/www.theroshouses.com\\\/fr\\\/#primaryimage\"},\"thumbnailUrl\":\"https:\\\/\\\/www.theroshouses.com\\\/app\\\/uploads\\\/sites\\\/44\\\/2020\\\/02\\\/kalypso_161new_result-e1594029044625.jpg\",\"datePublished\":\"2020-02-12T14:30:35+00:00\",\"dateModified\":\"2021-04-13T14:23:46+00:00\",\"description\":\"Kallisto Houses are located near Monolithos Beach. Daphne & Elia houses, have been built with the traditional Cycladic style with their own private pools.\",\"inLanguage\":\"fr-FR\",\"potentialAction\":[{\"@type\":\"ReadAction\",\"target\":[\"https:\\\/\\\/www.theroshouses.com\\\/fr\\\/\"]}]},{\"@type\":\"ImageObject\",\"inLanguage\":\"fr-FR\",\"@id\":\"https:\\\/\\\/www.theroshouses.com\\\/fr\\\/#primaryimage\",\"url\":\"https:\\\/\\\/www.theroshouses.com\\\/app\\\/uploads\\\/sites\\\/44\\\/2020\\\/02\\\/kalypso_161new_result-e1594029044625.jpg\",\"contentUrl\":\"https:\\\/\\\/www.theroshouses.com\\\/app\\\/uploads\\\/sites\\\/44\\\/2020\\\/02\\\/kalypso_161new_result-e1594029044625.jpg\",\"width\":1920,\"height\":1280},{\"@type\":\"WebSite\",\"@id\":\"https:\\\/\\\/www.theroshouses.com\\\/fr\\\/#website\",\"url\":\"https:\\\/\\\/www.theroshouses.com\\\/fr\\\/\",\"name\":\"Theros Houses\",\"description\":\"Santorini Beach Houses\",\"potentialAction\":[{\"@type\":\"SearchAction\",\"target\":{\"@type\":\"EntryPoint\",\"urlTemplate\":\"https:\\\/\\\/www.theroshouses.com\\\/fr\\\/?s={search_term_string}\"},\"query-input\":{\"@type\":\"PropertyValueSpecification\",\"valueRequired\":true,\"valueName\":\"search_term_string\"}}],\"inLanguage\":\"fr-FR\"}]}<\/script>\n<!-- \/ Yoast SEO plugin. -->","yoast_head_json":{"title":"Santorini Houses with Private Pool | Kallisto Houses","description":"Kallisto Houses are located near Monolithos Beach. Daphne & Elia houses, have been built with the traditional Cycladic style with their own private pools.","robots":{"index":"index","follow":"follow","max-snippet":"max-snippet:-1","max-image-preview":"max-image-preview:large","max-video-preview":"max-video-preview:-1"},"canonical":"https:\/\/www.theroshouses.com\/fr\/","og_locale":"fr_FR","og_type":"article","og_title":"Santorini Houses with Private Pool | Kallisto Houses","og_description":"Kallisto Houses are located near Monolithos Beach. Daphne & Elia houses, have been built with the traditional Cycladic style with their own private pools.","og_url":"https:\/\/www.theroshouses.com\/fr\/","og_site_name":"Theros Houses","article_modified_time":"2021-04-13T14:23:46+00:00","og_image":[{"width":1920,"height":1280,"url":"https:\/\/www.theroshouses.com\/app\/uploads\/sites\/44\/2020\/02\/kalypso_161new_result-e1594029044625.jpg","type":"image\/jpeg"}],"twitter_card":"summary_large_image","twitter_misc":{"Dur\u00e9e de lecture estim\u00e9e":"1 minute"},"schema":{"@context":"https:\/\/schema.org","@graph":[{"@type":"WebPage","@id":"https:\/\/www.theroshouses.com\/fr\/","url":"https:\/\/www.theroshouses.com\/fr\/","name":"Santorini Houses with Private Pool | Kallisto Houses","isPartOf":{"@id":"https:\/\/www.theroshouses.com\/fr\/#website"},"primaryImageOfPage":{"@id":"https:\/\/www.theroshouses.com\/fr\/#primaryimage"},"image":{"@id":"https:\/\/www.theroshouses.com\/fr\/#primaryimage"},"thumbnailUrl":"https:\/\/www.theroshouses.com\/app\/uploads\/sites\/44\/2020\/02\/kalypso_161new_result-e1594029044625.jpg","datePublished":"2020-02-12T14:30:35+00:00","dateModified":"2021-04-13T14:23:46+00:00","description":"Kallisto Houses are located near Monolithos Beach. Daphne & Elia houses, have been built with the traditional Cycladic style with their own private pools.","inLanguage":"fr-FR","potentialAction":[{"@type":"ReadAction","target":["https:\/\/www.theroshouses.com\/fr\/"]}]},{"@type":"ImageObject","inLanguage":"fr-FR","@id":"https:\/\/www.theroshouses.com\/fr\/#primaryimage","url":"https:\/\/www.theroshouses.com\/app\/uploads\/sites\/44\/2020\/02\/kalypso_161new_result-e1594029044625.jpg","contentUrl":"https:\/\/www.theroshouses.com\/app\/uploads\/sites\/44\/2020\/02\/kalypso_161new_result-e1594029044625.jpg","width":1920,"height":1280},{"@type":"WebSite","@id":"https:\/\/www.theroshouses.com\/fr\/#website","url":"https:\/\/www.theroshouses.com\/fr\/","name":"Theros Houses","description":"Santorini Beach Houses","potentialAction":[{"@type":"SearchAction","target":{"@type":"EntryPoint","urlTemplate":"https:\/\/www.theroshouses.com\/fr\/?s={search_term_string}"},"query-input":{"@type":"PropertyValueSpecification","valueRequired":true,"valueName":"search_term_string"}}],"inLanguage":"fr-FR"}]}},"_links":{"self":[{"href":"https:\/\/www.theroshouses.com\/fr\/wp-json\/wp\/v2\/pages\/826","targetHints":{"allow":["GET"]}}],"collection":[{"href":"https:\/\/www.theroshouses.com\/fr\/wp-json\/wp\/v2\/pages"}],"about":[{"href":"https:\/\/www.theroshouses.com\/fr\/wp-json\/wp\/v2\/types\/page"}],"author":[{"embeddable":true,"href":"https:\/\/www.theroshouses.com\/fr\/wp-json\/wp\/v2\/users\/1"}],"replies":[{"embeddable":true,"href":"https:\/\/www.theroshouses.com\/fr\/wp-json\/wp\/v2\/comments?post=826"}],"version-history":[{"count":25,"href":"https:\/\/www.theroshouses.com\/fr\/wp-json\/wp\/v2\/pages\/826\/revisions"}],"predecessor-version":[{"id":1587,"href":"https:\/\/www.theroshouses.com\/fr\/wp-json\/wp\/v2\/pages\/826\/revisions\/1587"}],"wp:featuredmedia":[{"embeddable":true,"href":"https:\/\/www.theroshouses.com\/fr\/wp-json\/wp\/v2\/media\/952"}],"wp:attachment":[{"href":"https:\/\/www.theroshouses.com\/fr\/wp-json\/wp\/v2\/media?parent=826"}],"curies":[{"name":"wp","href":"https:\/\/api.w.org\/{rel}","templated":true}]}}