{"id":825,"date":"2020-02-12T16:30:29","date_gmt":"2020-02-12T14:30:29","guid":{"rendered":"https:\/\/kallistohouses.cms4.nelios.com\/?page_id=825"},"modified":"2021-03-18T11:08:35","modified_gmt":"2021-03-18T09:08:35","slug":"location","status":"publish","type":"page","link":"https:\/\/www.theroshouses.com\/fr\/location\/","title":{"rendered":"Localization"},"content":{"rendered":"<p>Au village \u2018Kamari\u2019, qui se trouve \u00e0 30 minutes \u00e0 pied de \u2018Kalypso\/Theros houses\u2018,vous pouvez trouver de nombreux magasins, caf\u00e9s, cin\u00e9ma et une vie nocturne interminable.<\/p>\n<p><strong>Concernant l\u2019\u00eele<\/strong><\/p>\n<p><strong>En avion<\/strong><br \/>\nD\u2019Ath\u00e8nes, a\u00e9roport El . Venizelos. Le vol d\u2019Ath\u00e8nes \u00e0 Santorini dure environ 40 minutes.<\/p>\n<p>Pour plus d\u2019information concernant les vols et horaires ,vous pouvez entrer en contact avec les num\u00e9ros t\u00e9l\u00e9phoniques suivants :<\/p>\n<p><a href=\"https:\/\/www.ryanair.com\/gb\/en\" target=\"_blank\" rel=\"noopener noreferrer\">Ryanair<\/a><br \/>\n<a href=\"https:\/\/en.aegeanair.com\/\" target=\"_blank\" rel=\"noopener noreferrer\">Aegean Airlines<\/a><br \/>\n<a href=\"https:\/\/www.aia.gr\/traveler\/\" target=\"_blank\" rel=\"noopener noreferrer\">Athens International Airport (El. Venizelos)<\/a><br \/>\nInformations d\u00e9taill\u00e9es pour vols pr\u00e9vus \u00e0 l\u2019a\u00e9roport d\u2019Ath\u00e9nes.<br \/>\nTel.: <a href=\"tel:(+30) 210 3530000\" target=\"_blank\" rel=\"noopener noreferrer\">(+30) 210 3530000<\/a><\/p>\n<p><a href=\"http:\/\/www.santoriniairportguide.com\/\" target=\"_blank\" rel=\"noopener noreferrer\">Santorini Airport<\/a><br \/>\nInformations pour vols pr\u00e9vus de l\u2019a\u00e9roport de Santorini .<br \/>\nTel: <a href=\"tel:(+30) 2286031525\" target=\"_blank\" rel=\"noopener noreferrer\">(+30) 2286031525<\/a>, 31538, 33349<\/p>\n<p><strong>En bateau<\/strong><br \/>\nVous pouvez trouver des informations au port du Pir\u00e9e , en vous adressant aux num\u00e9ros de t\u00e9l\u00e9phone suivants :<br \/>\nPiraeus Port: <a href=\"tel:+30 210 4226000\" target=\"_blank\" rel=\"noopener noreferrer\">+30 210 4226000<\/a><br \/>\nThessaloniki Port: <a href=\"tel:+30 2310 531505\" target=\"_blank\" rel=\"noopener noreferrer\">+30 2310 531505<\/a><br \/>\nRafina Port: <a href=\"tel:+30 22940 22300\" target=\"_blank\" rel=\"noopener noreferrer\">+30 22940 22300<\/a><br \/>\nSantorini Port: <a href=\"tel:+30 22860 22239\" target=\"_blank\" rel=\"noopener noreferrer\">+30 22860 22239<\/a><\/p>\n<p>Info on sea routes to the island:<\/p>\n<p><a href=\"https:\/\/www.bluestarferries.com\/en\" target=\"_blank\" rel=\"noopener noreferrer\">Blue Star Ferries<\/a><br \/>\n<a href=\"https:\/\/hellenicseaways.gr\/en\/\" target=\"_blank\" rel=\"noopener noreferrer\">Hellenic Seaways<\/a><\/p>\n<p><strong>Localisation \u00e0 Santorini<\/strong><\/p>\n<p>Au village \u2018Kamari\u2019, qui se trouve \u00e0 30 minutes \u00e0 pied de \u2018Kalypso houses\u2018,vous pouvez trouver de nombreux magasins, caf\u00e9s, cin\u00e9ma et une vie nocturne interminable. Il y a aussi une facilit\u00e9 d\u2019acc\u00e8s avec les endroits de l\u2019\u00eele gr\u00e2ce aux bus que vous pouvez prendre des habitations mais aussi du village Kamari.<\/p>\n<p><strong>Distances<\/strong><\/p>\n<p>De l\u2019a\u00e9roport: 3 km<br \/>\nDu port: 15 km<br \/>\nDe Fira ( ville): 7 km<br \/>\nDe Kamari (village) : 2 km<br \/>\nDe la plage la plus proche: 100 m<\/p>\n","protected":false},"excerpt":{"rendered":"<p>Au village \u2018Kamari\u2019, qui se trouve \u00e0 30 minutes \u00e0 pied de \u2018Kalypso\/Theros houses\u2018,vous pouvez trouver de nombreux magasins, caf\u00e9s, cin\u00e9ma et une vie nocturne interminable. Concernant l\u2019\u00eele En avion D\u2019Ath\u00e8nes, a\u00e9roport El . Venizelos. Le vol d\u2019Ath\u00e8nes \u00e0 Santorini dure environ 40 minutes. Pour plus d\u2019information concernant les vols et horaires ,vous pouvez entrer<\/p>\n","protected":false},"author":1,"featured_media":1190,"parent":0,"menu_order":0,"comment_status":"closed","ping_status":"closed","template":"page-templates\/location.php","meta":{"_acf_changed":false,"footnotes":""},"class_list":["post-825","page","type-page","status-publish","has-post-thumbnail","hentry"],"acf":[],"yoast_head":"<!-- This site is optimized with the Yoast SEO plugin v27.5 - https:\/\/yoast.com\/product\/yoast-seo-wordpress\/ -->\n<title>Localization - Theros Houses<\/title>\n<meta name=\"robots\" content=\"index, follow, max-snippet:-1, max-image-preview:large, max-video-preview:-1\" \/>\n<link rel=\"canonical\" href=\"https:\/\/www.theroshouses.com\/fr\/location\/\" \/>\n<meta property=\"og:locale\" content=\"fr_FR\" \/>\n<meta property=\"og:type\" content=\"article\" \/>\n<meta property=\"og:title\" content=\"Localization - Theros Houses\" \/>\n<meta property=\"og:description\" content=\"Au village \u2018Kamari\u2019, qui se trouve \u00e0 30 minutes \u00e0 pied de \u2018Kalypso\/Theros houses\u2018,vous pouvez trouver de nombreux magasins, caf\u00e9s, cin\u00e9ma et une vie nocturne interminable. Concernant l\u2019\u00eele En avion D\u2019Ath\u00e8nes, a\u00e9roport El . Venizelos. Le vol d\u2019Ath\u00e8nes \u00e0 Santorini dure environ 40 minutes. Pour plus d\u2019information concernant les vols et horaires ,vous pouvez entrer\" \/>\n<meta property=\"og:url\" content=\"https:\/\/www.theroshouses.com\/fr\/location\/\" \/>\n<meta property=\"og:site_name\" content=\"Theros Houses\" \/>\n<meta property=\"article:modified_time\" content=\"2021-03-18T09:08:35+00:00\" \/>\n<meta property=\"og:image\" content=\"https:\/\/www.theroshouses.com\/app\/uploads\/sites\/44\/2020\/02\/14187198916_da9f1f673e_o.jpeg\" \/>\n\t<meta property=\"og:image:width\" content=\"1279\" \/>\n\t<meta property=\"og:image:height\" content=\"959\" \/>\n\t<meta property=\"og:image:type\" content=\"image\/jpeg\" \/>\n<meta name=\"twitter:card\" content=\"summary_large_image\" \/>\n<meta name=\"twitter:label1\" content=\"Dur\u00e9e de lecture estim\u00e9e\" \/>\n\t<meta name=\"twitter:data1\" content=\"2 minutes\" \/>\n<script type=\"application\/ld+json\" class=\"yoast-schema-graph\">{\"@context\":\"https:\\\/\\\/schema.org\",\"@graph\":[{\"@type\":\"WebPage\",\"@id\":\"https:\\\/\\\/www.theroshouses.com\\\/fr\\\/location\\\/\",\"url\":\"https:\\\/\\\/www.theroshouses.com\\\/fr\\\/location\\\/\",\"name\":\"Localization - Theros Houses\",\"isPartOf\":{\"@id\":\"https:\\\/\\\/www.theroshouses.com\\\/fr\\\/#website\"},\"primaryImageOfPage\":{\"@id\":\"https:\\\/\\\/www.theroshouses.com\\\/fr\\\/location\\\/#primaryimage\"},\"image\":{\"@id\":\"https:\\\/\\\/www.theroshouses.com\\\/fr\\\/location\\\/#primaryimage\"},\"thumbnailUrl\":\"https:\\\/\\\/www.theroshouses.com\\\/app\\\/uploads\\\/sites\\\/44\\\/2020\\\/02\\\/14187198916_da9f1f673e_o.jpeg\",\"datePublished\":\"2020-02-12T14:30:29+00:00\",\"dateModified\":\"2021-03-18T09:08:35+00:00\",\"inLanguage\":\"fr-FR\",\"potentialAction\":[{\"@type\":\"ReadAction\",\"target\":[\"https:\\\/\\\/www.theroshouses.com\\\/fr\\\/location\\\/\"]}]},{\"@type\":\"ImageObject\",\"inLanguage\":\"fr-FR\",\"@id\":\"https:\\\/\\\/www.theroshouses.com\\\/fr\\\/location\\\/#primaryimage\",\"url\":\"https:\\\/\\\/www.theroshouses.com\\\/app\\\/uploads\\\/sites\\\/44\\\/2020\\\/02\\\/14187198916_da9f1f673e_o.jpeg\",\"contentUrl\":\"https:\\\/\\\/www.theroshouses.com\\\/app\\\/uploads\\\/sites\\\/44\\\/2020\\\/02\\\/14187198916_da9f1f673e_o.jpeg\",\"width\":1279,\"height\":959},{\"@type\":\"WebSite\",\"@id\":\"https:\\\/\\\/www.theroshouses.com\\\/fr\\\/#website\",\"url\":\"https:\\\/\\\/www.theroshouses.com\\\/fr\\\/\",\"name\":\"Theros Houses\",\"description\":\"Santorini Beach Houses\",\"potentialAction\":[{\"@type\":\"SearchAction\",\"target\":{\"@type\":\"EntryPoint\",\"urlTemplate\":\"https:\\\/\\\/www.theroshouses.com\\\/fr\\\/?s={search_term_string}\"},\"query-input\":{\"@type\":\"PropertyValueSpecification\",\"valueRequired\":true,\"valueName\":\"search_term_string\"}}],\"inLanguage\":\"fr-FR\"}]}<\/script>\n<!-- \/ Yoast SEO plugin. -->","yoast_head_json":{"title":"Localization - Theros Houses","robots":{"index":"index","follow":"follow","max-snippet":"max-snippet:-1","max-image-preview":"max-image-preview:large","max-video-preview":"max-video-preview:-1"},"canonical":"https:\/\/www.theroshouses.com\/fr\/location\/","og_locale":"fr_FR","og_type":"article","og_title":"Localization - Theros Houses","og_description":"Au village \u2018Kamari\u2019, qui se trouve \u00e0 30 minutes \u00e0 pied de \u2018Kalypso\/Theros houses\u2018,vous pouvez trouver de nombreux magasins, caf\u00e9s, cin\u00e9ma et une vie nocturne interminable. Concernant l\u2019\u00eele En avion D\u2019Ath\u00e8nes, a\u00e9roport El . Venizelos. Le vol d\u2019Ath\u00e8nes \u00e0 Santorini dure environ 40 minutes. Pour plus d\u2019information concernant les vols et horaires ,vous pouvez entrer","og_url":"https:\/\/www.theroshouses.com\/fr\/location\/","og_site_name":"Theros Houses","article_modified_time":"2021-03-18T09:08:35+00:00","og_image":[{"width":1279,"height":959,"url":"https:\/\/www.theroshouses.com\/app\/uploads\/sites\/44\/2020\/02\/14187198916_da9f1f673e_o.jpeg","type":"image\/jpeg"}],"twitter_card":"summary_large_image","twitter_misc":{"Dur\u00e9e de lecture estim\u00e9e":"2 minutes"},"schema":{"@context":"https:\/\/schema.org","@graph":[{"@type":"WebPage","@id":"https:\/\/www.theroshouses.com\/fr\/location\/","url":"https:\/\/www.theroshouses.com\/fr\/location\/","name":"Localization - Theros Houses","isPartOf":{"@id":"https:\/\/www.theroshouses.com\/fr\/#website"},"primaryImageOfPage":{"@id":"https:\/\/www.theroshouses.com\/fr\/location\/#primaryimage"},"image":{"@id":"https:\/\/www.theroshouses.com\/fr\/location\/#primaryimage"},"thumbnailUrl":"https:\/\/www.theroshouses.com\/app\/uploads\/sites\/44\/2020\/02\/14187198916_da9f1f673e_o.jpeg","datePublished":"2020-02-12T14:30:29+00:00","dateModified":"2021-03-18T09:08:35+00:00","inLanguage":"fr-FR","potentialAction":[{"@type":"ReadAction","target":["https:\/\/www.theroshouses.com\/fr\/location\/"]}]},{"@type":"ImageObject","inLanguage":"fr-FR","@id":"https:\/\/www.theroshouses.com\/fr\/location\/#primaryimage","url":"https:\/\/www.theroshouses.com\/app\/uploads\/sites\/44\/2020\/02\/14187198916_da9f1f673e_o.jpeg","contentUrl":"https:\/\/www.theroshouses.com\/app\/uploads\/sites\/44\/2020\/02\/14187198916_da9f1f673e_o.jpeg","width":1279,"height":959},{"@type":"WebSite","@id":"https:\/\/www.theroshouses.com\/fr\/#website","url":"https:\/\/www.theroshouses.com\/fr\/","name":"Theros Houses","description":"Santorini Beach Houses","potentialAction":[{"@type":"SearchAction","target":{"@type":"EntryPoint","urlTemplate":"https:\/\/www.theroshouses.com\/fr\/?s={search_term_string}"},"query-input":{"@type":"PropertyValueSpecification","valueRequired":true,"valueName":"search_term_string"}}],"inLanguage":"fr-FR"}]}},"_links":{"self":[{"href":"https:\/\/www.theroshouses.com\/fr\/wp-json\/wp\/v2\/pages\/825","targetHints":{"allow":["GET"]}}],"collection":[{"href":"https:\/\/www.theroshouses.com\/fr\/wp-json\/wp\/v2\/pages"}],"about":[{"href":"https:\/\/www.theroshouses.com\/fr\/wp-json\/wp\/v2\/types\/page"}],"author":[{"embeddable":true,"href":"https:\/\/www.theroshouses.com\/fr\/wp-json\/wp\/v2\/users\/1"}],"replies":[{"embeddable":true,"href":"https:\/\/www.theroshouses.com\/fr\/wp-json\/wp\/v2\/comments?post=825"}],"version-history":[{"count":22,"href":"https:\/\/www.theroshouses.com\/fr\/wp-json\/wp\/v2\/pages\/825\/revisions"}],"predecessor-version":[{"id":1499,"href":"https:\/\/www.theroshouses.com\/fr\/wp-json\/wp\/v2\/pages\/825\/revisions\/1499"}],"wp:featuredmedia":[{"embeddable":true,"href":"https:\/\/www.theroshouses.com\/fr\/wp-json\/wp\/v2\/media\/1190"}],"wp:attachment":[{"href":"https:\/\/www.theroshouses.com\/fr\/wp-json\/wp\/v2\/media?parent=825"}],"curies":[{"name":"wp","href":"https:\/\/api.w.org\/{rel}","templated":true}]}}